{"id":36,"date":"2025-12-19T14:53:36","date_gmt":"2025-12-19T14:53:36","guid":{"rendered":"https:\/\/differenzproductions.com\/?page_id=36"},"modified":"2025-12-19T20:13:55","modified_gmt":"2025-12-19T20:13:55","slug":"solutions-residentielles","status":"publish","type":"page","link":"https:\/\/differenzproductions.com\/index.php\/solutions-residentielles\/","title":{"rendered":"Solutions r\u00e9sidentielles"},"content":{"rendered":"\t\t<div data-elementor-type=\"wp-page\" data-elementor-id=\"36\" class=\"elementor elementor-36\">\n\t\t\t\t<div class=\"elementor-element elementor-element-3ef1465 e-flex e-con-boxed e-con e-parent\" data-id=\"3ef1465\" data-element_type=\"container\">\n\t\t\t\t\t<div class=\"e-con-inner\">\n\t\t\t\t\t<\/div>\n\t\t\t\t<\/div>\n\t\t<div class=\"elementor-element elementor-element-1872864 e-flex e-con-boxed e-con e-parent\" data-id=\"1872864\" data-element_type=\"container\">\n\t\t\t\t\t<div class=\"e-con-inner\">\n\t\t\t\t<div class=\"elementor-element elementor-element-e86b77e elementor-view-default elementor-position-top elementor-mobile-position-top elementor-widget elementor-widget-icon-box\" data-id=\"e86b77e\" data-element_type=\"widget\" data-widget_type=\"icon-box.default\">\n\t\t\t\t\t\t\t<div class=\"elementor-icon-box-wrapper\">\n\n\t\t\t\t\t\t<div class=\"elementor-icon-box-icon\">\n\t\t\t\t<span  class=\"elementor-icon\">\n\t\t\t\t<svg aria-hidden=\"true\" class=\"e-font-icon-svg e-fas-home\" viewBox=\"0 0 576 512\" xmlns=\"http:\/\/www.w3.org\/2000\/svg\"><path d=\"M280.37 148.26L96 300.11V464a16 16 0 0 0 16 16l112.06-.29a16 16 0 0 0 15.92-16V368a16 16 0 0 1 16-16h64a16 16 0 0 1 16 16v95.64a16 16 0 0 0 16 16.05L464 480a16 16 0 0 0 16-16V300L295.67 148.26a12.19 12.19 0 0 0-15.3 0zM571.6 251.47L488 182.56V44.05a12 12 0 0 0-12-12h-56a12 12 0 0 0-12 12v72.61L318.47 43a48 48 0 0 0-61 0L4.34 251.47a12 12 0 0 0-1.6 16.9l25.5 31A12 12 0 0 0 45.15 301l235.22-193.74a12.19 12.19 0 0 1 15.3 0L530.9 301a12 12 0 0 0 16.9-1.6l25.5-31a12 12 0 0 0-1.7-16.93z\"><\/path><\/svg>\t\t\t\t<\/span>\n\t\t\t<\/div>\n\t\t\t\n\t\t\t\t\t\t<div class=\"elementor-icon-box-content\">\n\n\t\t\t\t\t\t\t\t\t<h3 class=\"elementor-icon-box-title\">\n\t\t\t\t\t\t<span  >\n\t\t\t\t\t\t\tSolutions R\u00e9sidentielles.\t\t\t\t\t\t<\/span>\n\t\t\t\t\t<\/h3>\n\t\t\t\t\n\t\t\t\t\t\t\t\t\t<p class=\"elementor-icon-box-description\">\n\t\t\t\t\t\t<p data-path-to-node=\"6,2,1,0\">S\u00e9curisez votre vie num\u00e9rique familiale. Nous mettons en place des protections contre les cybermenaces, du filtrage de contenu parental et une gestion priv\u00e9e de vos donn\u00e9es personnelles sans compromis.<\/p><p data-path-to-node=\"6,2,1,1\">Profitez d'un r\u00e9seau domestique performant, segment\u00e9 par VLAN pour isoler vos objets connect\u00e9s (IoT) de vos donn\u00e9es sensibles.<span style=\"letter-spacing: -0.1px\"><\/span><\/p><\/p>\nDes solutions pour la t\u00e9l\u00e9phonie r\u00e9sidentielle sont aussi offertes.<\/p>\t\t\t\t\t<\/p>\n\t\t\t\t\n\t\t\t<\/div>\n\t\t\t\n\t\t<\/div>\n\t\t\t\t\t\t<\/div>\n\t\t\t\t<div class=\"elementor-element elementor-element-83ccd54 elementor-widget elementor-widget-button\" data-id=\"83ccd54\" data-element_type=\"widget\" data-widget_type=\"button.default\">\n\t\t\t\t\t\t\t\t\t\t<a class=\"elementor-button elementor-button-link elementor-size-sm\" href=\"mailto:patrick.leblanc@differenzproductions.com\">\n\t\t\t\t\t\t<span class=\"elementor-button-content-wrapper\">\n\t\t\t\t\t\t\t\t\t<span class=\"elementor-button-text\">Contactez-nous<\/span>\n\t\t\t\t\t<\/span>\n\t\t\t\t\t<\/a>\n\t\t\t\t\t\t\t\t<\/div>\n\t\t\t\t\t<\/div>\n\t\t\t\t<\/div>\n\t\t<div class=\"elementor-element elementor-element-bec550c e-flex e-con-boxed e-con e-parent\" data-id=\"bec550c\" data-element_type=\"container\">\n\t\t\t\t\t<div class=\"e-con-inner\">\n\t\t\t\t<div class=\"elementor-element elementor-element-77eb880 elementor-widget elementor-widget-html\" data-id=\"77eb880\" data-element_type=\"widget\" data-widget_type=\"html.default\">\n\t\t\t\t\t<style>\n.wp-block-template-part-footer, \nfooter.wp-block-template-part,\n.site-footer,\n[role=\"contentinfo\"] {\n    display: none !important;\n    visibility: hidden !important;\n    height: 0 !important;\n    padding: 0 !important;\n}\n<\/style>\t\t\t\t<\/div>\n\t\t\t\t\t<\/div>\n\t\t\t\t<\/div>\n\t\t\t\t<\/div>\n\t\t","protected":false},"excerpt":{"rendered":"<p>Solutions R\u00e9sidentielles. S\u00e9curisez votre vie num\u00e9rique familiale. Nous mettons en place des protections contre les cybermenaces, du filtrage de contenu parental et une gestion priv\u00e9e de vos donn\u00e9es personnelles sans compromis. Profitez d&#8217;un r\u00e9seau domestique performant, segment\u00e9 par VLAN pour isoler vos objets connect\u00e9s (IoT) de vos donn\u00e9es sensibles. Des solutions pour la t\u00e9l\u00e9phonie r\u00e9sidentielle [&hellip;]<\/p>\n","protected":false},"author":1,"featured_media":0,"parent":0,"menu_order":0,"comment_status":"closed","ping_status":"closed","template":"","meta":{"footnotes":""},"class_list":["post-36","page","type-page","status-publish","hentry"],"_links":{"self":[{"href":"https:\/\/differenzproductions.com\/index.php\/wp-json\/wp\/v2\/pages\/36","targetHints":{"allow":["GET"]}}],"collection":[{"href":"https:\/\/differenzproductions.com\/index.php\/wp-json\/wp\/v2\/pages"}],"about":[{"href":"https:\/\/differenzproductions.com\/index.php\/wp-json\/wp\/v2\/types\/page"}],"author":[{"embeddable":true,"href":"https:\/\/differenzproductions.com\/index.php\/wp-json\/wp\/v2\/users\/1"}],"replies":[{"embeddable":true,"href":"https:\/\/differenzproductions.com\/index.php\/wp-json\/wp\/v2\/comments?post=36"}],"version-history":[{"count":22,"href":"https:\/\/differenzproductions.com\/index.php\/wp-json\/wp\/v2\/pages\/36\/revisions"}],"predecessor-version":[{"id":133,"href":"https:\/\/differenzproductions.com\/index.php\/wp-json\/wp\/v2\/pages\/36\/revisions\/133"}],"wp:attachment":[{"href":"https:\/\/differenzproductions.com\/index.php\/wp-json\/wp\/v2\/media?parent=36"}],"curies":[{"name":"wp","href":"https:\/\/api.w.org\/{rel}","templated":true}]}}